{"id":135,"date":"2017-06-07T15:14:33","date_gmt":"2017-06-07T18:14:33","guid":{"rendered":"http:\/\/www.ktmengenharia.com.br\/perfil-engenharia\/?page_id=2"},"modified":"2017-07-20T08:49:19","modified_gmt":"2017-07-20T11:49:19","slug":"home-page","status":"publish","type":"page","link":"http:\/\/www.ktmengenharia.com.br\/ktm-engenharia\/","title":{"rendered":"Home page"},"content":{"rendered":"<h3>Constru\u00e7\u00e3o Civil e Pesada, Habitacional, Servi\u00e7os Florestais e Limpeza Urbana<\/h3>\n<p>A KTM Engenharia, fundada em 1989, \u00e9 uma empresa brasileira consolidada na \u00e1rea da constru\u00e7\u00e3o civil presta\u00e7\u00e3o de servi\u00e7os florestais e de limpeza urbana. Combina engenharia e qualidade, valor de mercado com a capacidade de responder a grandes desafios em prazo e complexidade, sempre pronta para prestar servi\u00e7os aos mais diversos e exigentes clientes da \u00e1rea p\u00fablica ou privada.<\/p>\n<p>Nossas a\u00e7\u00f5es s\u00e3o norteadas por um conjunto de valores que visam \u00e0 satisfa\u00e7\u00e3o de nossos clientes, comprometendo-se com a sa\u00fade e seguran\u00e7a de nossos colaboradores,\u00a0a preserva\u00e7\u00e3o do meio ambiente e a gest\u00e3o por compet\u00eancia. Nossos resultados s\u00e3o clientes e todas as partes interessadas com suas expectativas atendidas.<\/p>\n","protected":false},"excerpt":{"rendered":"<p>Constru\u00e7\u00e3o Civil e Pesada, Habitacional, Servi\u00e7os Florestais e Limpeza Urbana A KTM Engenharia, fundada em 1989, \u00e9 uma empresa brasileira consolidada na \u00e1rea da constru\u00e7\u00e3o civil presta\u00e7\u00e3o de servi\u00e7os florestais e de limpeza urbana. Combina engenharia e qualidade, valor de mercado com a capacidade de responder a grandes desafios em prazo e complexidade, sempre pronta [&hellip;]<\/p>\n","protected":false},"author":1,"featured_media":0,"parent":0,"menu_order":0,"comment_status":"closed","ping_status":"open","template":"index.php","meta":{"footnotes":""},"class_list":["post-135","page","type-page","status-publish","hentry"],"yoast_head":"<!-- This site is optimized with the Yoast SEO plugin v24.8.1 - https:\/\/yoast.com\/wordpress\/plugins\/seo\/ -->\n<title>Home page - KTM Engenharia<\/title>\n<meta name=\"robots\" content=\"index, follow, max-snippet:-1, max-image-preview:large, max-video-preview:-1\" \/>\n<link rel=\"canonical\" href=\"https:\/\/www.ktmengenharia.com.br\/ktm-engenharia\/\" \/>\n<meta property=\"og:locale\" content=\"pt_BR\" \/>\n<meta property=\"og:type\" content=\"article\" \/>\n<meta property=\"og:title\" content=\"Home page - KTM Engenharia\" \/>\n<meta property=\"og:description\" content=\"Constru\u00e7\u00e3o Civil e Pesada, Habitacional, Servi\u00e7os Florestais e Limpeza Urbana A KTM Engenharia, fundada em 1989, \u00e9 uma empresa brasileira consolidada na \u00e1rea da constru\u00e7\u00e3o civil presta\u00e7\u00e3o de servi\u00e7os florestais e de limpeza urbana. Combina engenharia e qualidade, valor de mercado com a capacidade de responder a grandes desafios em prazo e complexidade, sempre pronta [&hellip;]\" \/>\n<meta property=\"og:url\" content=\"https:\/\/www.ktmengenharia.com.br\/ktm-engenharia\/\" \/>\n<meta property=\"og:site_name\" content=\"KTM Engenharia\" \/>\n<meta property=\"article:modified_time\" content=\"2017-07-20T11:49:19+00:00\" \/>\n<meta name=\"twitter:card\" content=\"summary_large_image\" \/>\n<meta name=\"twitter:label1\" content=\"Est. tempo de leitura\" \/>\n\t<meta name=\"twitter:data1\" content=\"1 minuto\" \/>\n<script type=\"application\/ld+json\" class=\"yoast-schema-graph\">{\"@context\":\"https:\/\/schema.org\",\"@graph\":[{\"@type\":\"WebPage\",\"@id\":\"https:\/\/www.ktmengenharia.com.br\/ktm-engenharia\/\",\"url\":\"https:\/\/www.ktmengenharia.com.br\/ktm-engenharia\/\",\"name\":\"Home page - KTM Engenharia\",\"isPartOf\":{\"@id\":\"https:\/\/www.ktmengenharia.com.br\/ktm-engenharia\/#website\"},\"datePublished\":\"2017-06-07T18:14:33+00:00\",\"dateModified\":\"2017-07-20T11:49:19+00:00\",\"breadcrumb\":{\"@id\":\"https:\/\/www.ktmengenharia.com.br\/ktm-engenharia\/#breadcrumb\"},\"inLanguage\":\"pt-BR\",\"potentialAction\":[{\"@type\":\"ReadAction\",\"target\":[\"https:\/\/www.ktmengenharia.com.br\/ktm-engenharia\/\"]}]},{\"@type\":\"BreadcrumbList\",\"@id\":\"https:\/\/www.ktmengenharia.com.br\/ktm-engenharia\/#breadcrumb\",\"itemListElement\":[{\"@type\":\"ListItem\",\"position\":1,\"name\":\"In\u00edcio\",\"item\":\"https:\/\/www.ktmengenharia.com.br\/ktm-engenharia\/\"},{\"@type\":\"ListItem\",\"position\":2,\"name\":\"Home page\"}]},{\"@type\":\"WebSite\",\"@id\":\"https:\/\/www.ktmengenharia.com.br\/ktm-engenharia\/#website\",\"url\":\"https:\/\/www.ktmengenharia.com.br\/ktm-engenharia\/\",\"name\":\"KTM Engenharia\",\"description\":\"S\u00f3 mais um site Grupo KTM - Sites\",\"potentialAction\":[{\"@type\":\"SearchAction\",\"target\":{\"@type\":\"EntryPoint\",\"urlTemplate\":\"https:\/\/www.ktmengenharia.com.br\/ktm-engenharia\/?s={search_term_string}\"},\"query-input\":{\"@type\":\"PropertyValueSpecification\",\"valueRequired\":true,\"valueName\":\"search_term_string\"}}],\"inLanguage\":\"pt-BR\"}]}<\/script>\n<!-- \/ Yoast SEO plugin. -->","yoast_head_json":{"title":"Home page - KTM Engenharia","robots":{"index":"index","follow":"follow","max-snippet":"max-snippet:-1","max-image-preview":"max-image-preview:large","max-video-preview":"max-video-preview:-1"},"canonical":"https:\/\/www.ktmengenharia.com.br\/ktm-engenharia\/","og_locale":"pt_BR","og_type":"article","og_title":"Home page - KTM Engenharia","og_description":"Constru\u00e7\u00e3o Civil e Pesada, Habitacional, Servi\u00e7os Florestais e Limpeza Urbana A KTM Engenharia, fundada em 1989, \u00e9 uma empresa brasileira consolidada na \u00e1rea da constru\u00e7\u00e3o civil presta\u00e7\u00e3o de servi\u00e7os florestais e de limpeza urbana. Combina engenharia e qualidade, valor de mercado com a capacidade de responder a grandes desafios em prazo e complexidade, sempre pronta [&hellip;]","og_url":"https:\/\/www.ktmengenharia.com.br\/ktm-engenharia\/","og_site_name":"KTM Engenharia","article_modified_time":"2017-07-20T11:49:19+00:00","twitter_card":"summary_large_image","twitter_misc":{"Est. tempo de leitura":"1 minuto"},"schema":{"@context":"https:\/\/schema.org","@graph":[{"@type":"WebPage","@id":"https:\/\/www.ktmengenharia.com.br\/ktm-engenharia\/","url":"https:\/\/www.ktmengenharia.com.br\/ktm-engenharia\/","name":"Home page - KTM Engenharia","isPartOf":{"@id":"https:\/\/www.ktmengenharia.com.br\/ktm-engenharia\/#website"},"datePublished":"2017-06-07T18:14:33+00:00","dateModified":"2017-07-20T11:49:19+00:00","breadcrumb":{"@id":"https:\/\/www.ktmengenharia.com.br\/ktm-engenharia\/#breadcrumb"},"inLanguage":"pt-BR","potentialAction":[{"@type":"ReadAction","target":["https:\/\/www.ktmengenharia.com.br\/ktm-engenharia\/"]}]},{"@type":"BreadcrumbList","@id":"https:\/\/www.ktmengenharia.com.br\/ktm-engenharia\/#breadcrumb","itemListElement":[{"@type":"ListItem","position":1,"name":"In\u00edcio","item":"https:\/\/www.ktmengenharia.com.br\/ktm-engenharia\/"},{"@type":"ListItem","position":2,"name":"Home page"}]},{"@type":"WebSite","@id":"https:\/\/www.ktmengenharia.com.br\/ktm-engenharia\/#website","url":"https:\/\/www.ktmengenharia.com.br\/ktm-engenharia\/","name":"KTM Engenharia","description":"S\u00f3 mais um site Grupo KTM - Sites","potentialAction":[{"@type":"SearchAction","target":{"@type":"EntryPoint","urlTemplate":"https:\/\/www.ktmengenharia.com.br\/ktm-engenharia\/?s={search_term_string}"},"query-input":{"@type":"PropertyValueSpecification","valueRequired":true,"valueName":"search_term_string"}}],"inLanguage":"pt-BR"}]}},"_links":{"self":[{"href":"http:\/\/www.ktmengenharia.com.br\/ktm-engenharia\/wp-json\/wp\/v2\/pages\/135","targetHints":{"allow":["GET"]}}],"collection":[{"href":"http:\/\/www.ktmengenharia.com.br\/ktm-engenharia\/wp-json\/wp\/v2\/pages"}],"about":[{"href":"http:\/\/www.ktmengenharia.com.br\/ktm-engenharia\/wp-json\/wp\/v2\/types\/page"}],"author":[{"embeddable":true,"href":"http:\/\/www.ktmengenharia.com.br\/ktm-engenharia\/wp-json\/wp\/v2\/users\/1"}],"replies":[{"embeddable":true,"href":"http:\/\/www.ktmengenharia.com.br\/ktm-engenharia\/wp-json\/wp\/v2\/comments?post=135"}],"version-history":[{"count":16,"href":"http:\/\/www.ktmengenharia.com.br\/ktm-engenharia\/wp-json\/wp\/v2\/pages\/135\/revisions"}],"predecessor-version":[{"id":579,"href":"http:\/\/www.ktmengenharia.com.br\/ktm-engenharia\/wp-json\/wp\/v2\/pages\/135\/revisions\/579"}],"wp:attachment":[{"href":"http:\/\/www.ktmengenharia.com.br\/ktm-engenharia\/wp-json\/wp\/v2\/media?parent=135"}],"curies":[{"name":"wp","href":"https:\/\/api.w.org\/{rel}","templated":true}]}}