{"id":25,"date":"2017-06-08T11:20:13","date_gmt":"2017-06-08T14:20:13","guid":{"rendered":"http:\/\/www.ktmengenharia.com.br\/perfil-engenharia\/?page_id=25"},"modified":"2017-07-10T19:28:03","modified_gmt":"2017-07-10T22:28:03","slug":"quem-somos","status":"publish","type":"page","link":"http:\/\/www.ktmengenharia.com.br\/ktm-engenharia\/quem-somos\/","title":{"rendered":"Quem somos"},"content":{"rendered":"<div class=\"blog-featured\">\n<div class=\"items-leading clearfix\">\n<div class=\"leading-0 clearfix\">\n<p>KTM Engenharia, fundada em 1989, \u00e9 hoje uma empresa consolidada na \u00e1rea da constru\u00e7\u00e3o civil, nos mercados de edifica\u00e7\u00f5es residenciais e comerciais, terraplenagem, obras vi\u00e1rias, industriais e ambientais. Na \u00e1rea ambiental a KTM atua com servi\u00e7os florestais, servi\u00e7os de limpeza urbana, que contribuem para a gera\u00e7\u00e3o de riquezas e melhorias nas estruturas vigentes.<\/p>\n<p>Combinando engenharia e qualidade, valor de mercado com a capacidade de responder grandes desafios em prazo e complexidade nas suas obras, a KTM \u00e9 uma empresa que n\u00e3o para de crescer e est\u00e1 sempre pronta para prestar servi\u00e7os aos mais diversos e exigentes clientes, da \u00e1rea p\u00fablica ou privada.<\/p>\n<p>Suas a\u00e7\u00f5es e decis\u00f5es s\u00e3o pautadas por um conjunto de princ\u00edpios que visa \u00e0 satisfa\u00e7\u00e3o plena de seus clientes, levando em considera\u00e7\u00e3o o comprometimento com a sa\u00fade e seguran\u00e7a de seus contratados, bem como a preserva\u00e7\u00e3o do meio ambiente e primazia da gest\u00e3o por compet\u00eancia, exigindo o m\u00e1ximo de conhecimento, habilidade e atitude de seus colaboradores. O resultado s\u00e3o clientes que t\u00eam suas expectativas atendidas e superadas por uma empresa s\u00e9ria e comprometida com a qualidade de seu servi\u00e7o, o que torna a KTM uma excelente op\u00e7\u00e3o para solidificar o seu neg\u00f3cio.<\/p>\n<\/div>\n<\/div>\n<\/div>\n","protected":false},"excerpt":{"rendered":"<p>KTM Engenharia, fundada em 1989, \u00e9 hoje uma empresa consolidada na \u00e1rea da constru\u00e7\u00e3o civil, nos mercados de edifica\u00e7\u00f5es residenciais e comerciais, terraplenagem, obras vi\u00e1rias, industriais e ambientais. Na \u00e1rea ambiental a KTM atua com servi\u00e7os florestais, servi\u00e7os de limpeza urbana, que contribuem para a gera\u00e7\u00e3o de riquezas e melhorias nas estruturas vigentes. Combinando engenharia [&hellip;]<\/p>\n","protected":false},"author":1,"featured_media":0,"parent":0,"menu_order":0,"comment_status":"closed","ping_status":"closed","template":"page-empresa.php","meta":{"footnotes":""},"class_list":["post-25","page","type-page","status-publish","hentry"],"yoast_head":"<!-- This site is optimized with the Yoast SEO plugin v24.8.1 - https:\/\/yoast.com\/wordpress\/plugins\/seo\/ -->\n<title>Quem somos - KTM Engenharia<\/title>\n<meta name=\"robots\" content=\"index, follow, max-snippet:-1, max-image-preview:large, max-video-preview:-1\" \/>\n<link rel=\"canonical\" href=\"https:\/\/www.ktmengenharia.com.br\/ktm-engenharia\/quem-somos\/\" \/>\n<meta property=\"og:locale\" content=\"pt_BR\" \/>\n<meta property=\"og:type\" content=\"article\" \/>\n<meta property=\"og:title\" content=\"Quem somos - KTM Engenharia\" \/>\n<meta property=\"og:description\" content=\"KTM Engenharia, fundada em 1989, \u00e9 hoje uma empresa consolidada na \u00e1rea da constru\u00e7\u00e3o civil, nos mercados de edifica\u00e7\u00f5es residenciais e comerciais, terraplenagem, obras vi\u00e1rias, industriais e ambientais. Na \u00e1rea ambiental a KTM atua com servi\u00e7os florestais, servi\u00e7os de limpeza urbana, que contribuem para a gera\u00e7\u00e3o de riquezas e melhorias nas estruturas vigentes. Combinando engenharia [&hellip;]\" \/>\n<meta property=\"og:url\" content=\"https:\/\/www.ktmengenharia.com.br\/ktm-engenharia\/quem-somos\/\" \/>\n<meta property=\"og:site_name\" content=\"KTM Engenharia\" \/>\n<meta property=\"article:modified_time\" content=\"2017-07-10T22:28:03+00:00\" \/>\n<meta name=\"twitter:card\" content=\"summary_large_image\" \/>\n<meta name=\"twitter:label1\" content=\"Est. tempo de leitura\" \/>\n\t<meta name=\"twitter:data1\" content=\"1 minuto\" \/>\n<script type=\"application\/ld+json\" class=\"yoast-schema-graph\">{\"@context\":\"https:\/\/schema.org\",\"@graph\":[{\"@type\":\"WebPage\",\"@id\":\"https:\/\/www.ktmengenharia.com.br\/ktm-engenharia\/quem-somos\/\",\"url\":\"https:\/\/www.ktmengenharia.com.br\/ktm-engenharia\/quem-somos\/\",\"name\":\"Quem somos - KTM Engenharia\",\"isPartOf\":{\"@id\":\"https:\/\/www.ktmengenharia.com.br\/ktm-engenharia\/#website\"},\"datePublished\":\"2017-06-08T14:20:13+00:00\",\"dateModified\":\"2017-07-10T22:28:03+00:00\",\"breadcrumb\":{\"@id\":\"https:\/\/www.ktmengenharia.com.br\/ktm-engenharia\/quem-somos\/#breadcrumb\"},\"inLanguage\":\"pt-BR\",\"potentialAction\":[{\"@type\":\"ReadAction\",\"target\":[\"https:\/\/www.ktmengenharia.com.br\/ktm-engenharia\/quem-somos\/\"]}]},{\"@type\":\"BreadcrumbList\",\"@id\":\"https:\/\/www.ktmengenharia.com.br\/ktm-engenharia\/quem-somos\/#breadcrumb\",\"itemListElement\":[{\"@type\":\"ListItem\",\"position\":1,\"name\":\"In\u00edcio\",\"item\":\"https:\/\/www.ktmengenharia.com.br\/ktm-engenharia\/\"},{\"@type\":\"ListItem\",\"position\":2,\"name\":\"Quem somos\"}]},{\"@type\":\"WebSite\",\"@id\":\"https:\/\/www.ktmengenharia.com.br\/ktm-engenharia\/#website\",\"url\":\"https:\/\/www.ktmengenharia.com.br\/ktm-engenharia\/\",\"name\":\"KTM Engenharia\",\"description\":\"S\u00f3 mais um site Grupo KTM - Sites\",\"potentialAction\":[{\"@type\":\"SearchAction\",\"target\":{\"@type\":\"EntryPoint\",\"urlTemplate\":\"https:\/\/www.ktmengenharia.com.br\/ktm-engenharia\/?s={search_term_string}\"},\"query-input\":{\"@type\":\"PropertyValueSpecification\",\"valueRequired\":true,\"valueName\":\"search_term_string\"}}],\"inLanguage\":\"pt-BR\"}]}<\/script>\n<!-- \/ Yoast SEO plugin. -->","yoast_head_json":{"title":"Quem somos - KTM Engenharia","robots":{"index":"index","follow":"follow","max-snippet":"max-snippet:-1","max-image-preview":"max-image-preview:large","max-video-preview":"max-video-preview:-1"},"canonical":"https:\/\/www.ktmengenharia.com.br\/ktm-engenharia\/quem-somos\/","og_locale":"pt_BR","og_type":"article","og_title":"Quem somos - KTM Engenharia","og_description":"KTM Engenharia, fundada em 1989, \u00e9 hoje uma empresa consolidada na \u00e1rea da constru\u00e7\u00e3o civil, nos mercados de edifica\u00e7\u00f5es residenciais e comerciais, terraplenagem, obras vi\u00e1rias, industriais e ambientais. Na \u00e1rea ambiental a KTM atua com servi\u00e7os florestais, servi\u00e7os de limpeza urbana, que contribuem para a gera\u00e7\u00e3o de riquezas e melhorias nas estruturas vigentes. Combinando engenharia [&hellip;]","og_url":"https:\/\/www.ktmengenharia.com.br\/ktm-engenharia\/quem-somos\/","og_site_name":"KTM Engenharia","article_modified_time":"2017-07-10T22:28:03+00:00","twitter_card":"summary_large_image","twitter_misc":{"Est. tempo de leitura":"1 minuto"},"schema":{"@context":"https:\/\/schema.org","@graph":[{"@type":"WebPage","@id":"https:\/\/www.ktmengenharia.com.br\/ktm-engenharia\/quem-somos\/","url":"https:\/\/www.ktmengenharia.com.br\/ktm-engenharia\/quem-somos\/","name":"Quem somos - KTM Engenharia","isPartOf":{"@id":"https:\/\/www.ktmengenharia.com.br\/ktm-engenharia\/#website"},"datePublished":"2017-06-08T14:20:13+00:00","dateModified":"2017-07-10T22:28:03+00:00","breadcrumb":{"@id":"https:\/\/www.ktmengenharia.com.br\/ktm-engenharia\/quem-somos\/#breadcrumb"},"inLanguage":"pt-BR","potentialAction":[{"@type":"ReadAction","target":["https:\/\/www.ktmengenharia.com.br\/ktm-engenharia\/quem-somos\/"]}]},{"@type":"BreadcrumbList","@id":"https:\/\/www.ktmengenharia.com.br\/ktm-engenharia\/quem-somos\/#breadcrumb","itemListElement":[{"@type":"ListItem","position":1,"name":"In\u00edcio","item":"https:\/\/www.ktmengenharia.com.br\/ktm-engenharia\/"},{"@type":"ListItem","position":2,"name":"Quem somos"}]},{"@type":"WebSite","@id":"https:\/\/www.ktmengenharia.com.br\/ktm-engenharia\/#website","url":"https:\/\/www.ktmengenharia.com.br\/ktm-engenharia\/","name":"KTM Engenharia","description":"S\u00f3 mais um site Grupo KTM - Sites","potentialAction":[{"@type":"SearchAction","target":{"@type":"EntryPoint","urlTemplate":"https:\/\/www.ktmengenharia.com.br\/ktm-engenharia\/?s={search_term_string}"},"query-input":{"@type":"PropertyValueSpecification","valueRequired":true,"valueName":"search_term_string"}}],"inLanguage":"pt-BR"}]}},"_links":{"self":[{"href":"http:\/\/www.ktmengenharia.com.br\/ktm-engenharia\/wp-json\/wp\/v2\/pages\/25","targetHints":{"allow":["GET"]}}],"collection":[{"href":"http:\/\/www.ktmengenharia.com.br\/ktm-engenharia\/wp-json\/wp\/v2\/pages"}],"about":[{"href":"http:\/\/www.ktmengenharia.com.br\/ktm-engenharia\/wp-json\/wp\/v2\/types\/page"}],"author":[{"embeddable":true,"href":"http:\/\/www.ktmengenharia.com.br\/ktm-engenharia\/wp-json\/wp\/v2\/users\/1"}],"replies":[{"embeddable":true,"href":"http:\/\/www.ktmengenharia.com.br\/ktm-engenharia\/wp-json\/wp\/v2\/comments?post=25"}],"version-history":[{"count":18,"href":"http:\/\/www.ktmengenharia.com.br\/ktm-engenharia\/wp-json\/wp\/v2\/pages\/25\/revisions"}],"predecessor-version":[{"id":197,"href":"http:\/\/www.ktmengenharia.com.br\/ktm-engenharia\/wp-json\/wp\/v2\/pages\/25\/revisions\/197"}],"wp:attachment":[{"href":"http:\/\/www.ktmengenharia.com.br\/ktm-engenharia\/wp-json\/wp\/v2\/media?parent=25"}],"curies":[{"name":"wp","href":"https:\/\/api.w.org\/{rel}","templated":true}]}}