{"id":25,"date":"2017-06-08T11:20:13","date_gmt":"2017-06-08T14:20:13","guid":{"rendered":"http:\/\/www.ktmengenharia.com.br\/perfil-engenharia\/?page_id=25"},"modified":"2017-07-12T16:46:57","modified_gmt":"2017-07-12T19:46:57","slug":"quem-somos","status":"publish","type":"page","link":"http:\/\/www.ktmengenharia.com.br\/perfil-engenharia\/quem-somos\/","title":{"rendered":"Quem somos"},"content":{"rendered":"<div class=\"blog-featured\">\n<div class=\"items-leading clearfix\">\n<div class=\"leading-0 clearfix\">\n<p>A Perfil Engenharia, fundada em 1978, \u00e9 hoje uma empresa reconhecida e qualificada nas \u00e1reas de Saneamento B\u00e1sico, Restauro, Infraestrutura Urbana e Linhas de Transmiss\u00e3o.<\/p>\n<p>Com um excelente acervo t\u00e9cnico e uma equipe amplamente qualificada, possui capacidade para conquistar grandes desafios. \u00c9 uma empresa que est\u00e1 em constante crescimento e inova\u00e7\u00e3o para atender o setor p\u00fablico e privado .<\/p>\n<p>Nossa principal miss\u00e3o \u00e9 realizar os servi\u00e7os com rapidez, responsabilidade, parceria e ser referencia em engenharia em todo o Brasil. Atuamos como formador de m\u00e3o de obra comprometida e diferenciada.<\/p>\n<p>O objetivo \u00e9 conquistar os clientes atrav\u00e9s da excel\u00eancia dos servi\u00e7os prestados, sempre pautados na seriedade e comprometimento.<\/p>\n<\/div>\n<\/div>\n<\/div>\n","protected":false},"excerpt":{"rendered":"<p>A Perfil Engenharia, fundada em 1978, \u00e9 hoje uma empresa reconhecida e qualificada nas \u00e1reas de Saneamento B\u00e1sico, Restauro, Infraestrutura Urbana e Linhas de Transmiss\u00e3o. Com um excelente acervo t\u00e9cnico e uma equipe amplamente qualificada, possui capacidade para conquistar grandes desafios. \u00c9 uma empresa que est\u00e1 em constante crescimento e inova\u00e7\u00e3o para atender o setor [&hellip;]<\/p>\n","protected":false},"author":1,"featured_media":0,"parent":0,"menu_order":0,"comment_status":"closed","ping_status":"closed","template":"page-empresa.php","meta":{"footnotes":""},"class_list":["post-25","page","type-page","status-publish","hentry"],"yoast_head":"<!-- This site is optimized with the Yoast SEO plugin v24.8.1 - https:\/\/yoast.com\/wordpress\/plugins\/seo\/ -->\n<title>Quem somos - Perfil Engenharia<\/title>\n<meta name=\"robots\" content=\"index, follow, max-snippet:-1, max-image-preview:large, max-video-preview:-1\" \/>\n<link rel=\"canonical\" href=\"http:\/\/www.ktmengenharia.com.br\/perfil-engenharia\/quem-somos\/\" \/>\n<meta property=\"og:locale\" content=\"pt_BR\" \/>\n<meta property=\"og:type\" content=\"article\" \/>\n<meta property=\"og:title\" content=\"Quem somos - Perfil Engenharia\" \/>\n<meta property=\"og:description\" content=\"A Perfil Engenharia, fundada em 1978, \u00e9 hoje uma empresa reconhecida e qualificada nas \u00e1reas de Saneamento B\u00e1sico, Restauro, Infraestrutura Urbana e Linhas de Transmiss\u00e3o. Com um excelente acervo t\u00e9cnico e uma equipe amplamente qualificada, possui capacidade para conquistar grandes desafios. \u00c9 uma empresa que est\u00e1 em constante crescimento e inova\u00e7\u00e3o para atender o setor [&hellip;]\" \/>\n<meta property=\"og:url\" content=\"http:\/\/www.ktmengenharia.com.br\/perfil-engenharia\/quem-somos\/\" \/>\n<meta property=\"og:site_name\" content=\"Perfil Engenharia\" \/>\n<meta property=\"article:modified_time\" content=\"2017-07-12T19:46:57+00:00\" \/>\n<meta name=\"twitter:card\" content=\"summary_large_image\" \/>\n<meta name=\"twitter:label1\" content=\"Est. tempo de leitura\" \/>\n\t<meta name=\"twitter:data1\" content=\"1 minuto\" \/>\n<script type=\"application\/ld+json\" class=\"yoast-schema-graph\">{\"@context\":\"https:\/\/schema.org\",\"@graph\":[{\"@type\":\"WebPage\",\"@id\":\"http:\/\/www.ktmengenharia.com.br\/perfil-engenharia\/quem-somos\/\",\"url\":\"http:\/\/www.ktmengenharia.com.br\/perfil-engenharia\/quem-somos\/\",\"name\":\"Quem somos - Perfil Engenharia\",\"isPartOf\":{\"@id\":\"http:\/\/www.ktmengenharia.com.br\/perfil-engenharia\/#website\"},\"datePublished\":\"2017-06-08T14:20:13+00:00\",\"dateModified\":\"2017-07-12T19:46:57+00:00\",\"breadcrumb\":{\"@id\":\"http:\/\/www.ktmengenharia.com.br\/perfil-engenharia\/quem-somos\/#breadcrumb\"},\"inLanguage\":\"pt-BR\",\"potentialAction\":[{\"@type\":\"ReadAction\",\"target\":[\"http:\/\/www.ktmengenharia.com.br\/perfil-engenharia\/quem-somos\/\"]}]},{\"@type\":\"BreadcrumbList\",\"@id\":\"http:\/\/www.ktmengenharia.com.br\/perfil-engenharia\/quem-somos\/#breadcrumb\",\"itemListElement\":[{\"@type\":\"ListItem\",\"position\":1,\"name\":\"In\u00edcio\",\"item\":\"http:\/\/www.ktmengenharia.com.br\/perfil-engenharia\/\"},{\"@type\":\"ListItem\",\"position\":2,\"name\":\"Quem somos\"}]},{\"@type\":\"WebSite\",\"@id\":\"http:\/\/www.ktmengenharia.com.br\/perfil-engenharia\/#website\",\"url\":\"http:\/\/www.ktmengenharia.com.br\/perfil-engenharia\/\",\"name\":\"Perfil Engenharia\",\"description\":\"S\u00f3 mais um site Grupo KTM - Sites\",\"potentialAction\":[{\"@type\":\"SearchAction\",\"target\":{\"@type\":\"EntryPoint\",\"urlTemplate\":\"http:\/\/www.ktmengenharia.com.br\/perfil-engenharia\/?s={search_term_string}\"},\"query-input\":{\"@type\":\"PropertyValueSpecification\",\"valueRequired\":true,\"valueName\":\"search_term_string\"}}],\"inLanguage\":\"pt-BR\"}]}<\/script>\n<!-- \/ Yoast SEO plugin. -->","yoast_head_json":{"title":"Quem somos - Perfil Engenharia","robots":{"index":"index","follow":"follow","max-snippet":"max-snippet:-1","max-image-preview":"max-image-preview:large","max-video-preview":"max-video-preview:-1"},"canonical":"http:\/\/www.ktmengenharia.com.br\/perfil-engenharia\/quem-somos\/","og_locale":"pt_BR","og_type":"article","og_title":"Quem somos - Perfil Engenharia","og_description":"A Perfil Engenharia, fundada em 1978, \u00e9 hoje uma empresa reconhecida e qualificada nas \u00e1reas de Saneamento B\u00e1sico, Restauro, Infraestrutura Urbana e Linhas de Transmiss\u00e3o. Com um excelente acervo t\u00e9cnico e uma equipe amplamente qualificada, possui capacidade para conquistar grandes desafios. \u00c9 uma empresa que est\u00e1 em constante crescimento e inova\u00e7\u00e3o para atender o setor [&hellip;]","og_url":"http:\/\/www.ktmengenharia.com.br\/perfil-engenharia\/quem-somos\/","og_site_name":"Perfil Engenharia","article_modified_time":"2017-07-12T19:46:57+00:00","twitter_card":"summary_large_image","twitter_misc":{"Est. tempo de leitura":"1 minuto"},"schema":{"@context":"https:\/\/schema.org","@graph":[{"@type":"WebPage","@id":"http:\/\/www.ktmengenharia.com.br\/perfil-engenharia\/quem-somos\/","url":"http:\/\/www.ktmengenharia.com.br\/perfil-engenharia\/quem-somos\/","name":"Quem somos - Perfil Engenharia","isPartOf":{"@id":"http:\/\/www.ktmengenharia.com.br\/perfil-engenharia\/#website"},"datePublished":"2017-06-08T14:20:13+00:00","dateModified":"2017-07-12T19:46:57+00:00","breadcrumb":{"@id":"http:\/\/www.ktmengenharia.com.br\/perfil-engenharia\/quem-somos\/#breadcrumb"},"inLanguage":"pt-BR","potentialAction":[{"@type":"ReadAction","target":["http:\/\/www.ktmengenharia.com.br\/perfil-engenharia\/quem-somos\/"]}]},{"@type":"BreadcrumbList","@id":"http:\/\/www.ktmengenharia.com.br\/perfil-engenharia\/quem-somos\/#breadcrumb","itemListElement":[{"@type":"ListItem","position":1,"name":"In\u00edcio","item":"http:\/\/www.ktmengenharia.com.br\/perfil-engenharia\/"},{"@type":"ListItem","position":2,"name":"Quem somos"}]},{"@type":"WebSite","@id":"http:\/\/www.ktmengenharia.com.br\/perfil-engenharia\/#website","url":"http:\/\/www.ktmengenharia.com.br\/perfil-engenharia\/","name":"Perfil Engenharia","description":"S\u00f3 mais um site Grupo KTM - Sites","potentialAction":[{"@type":"SearchAction","target":{"@type":"EntryPoint","urlTemplate":"http:\/\/www.ktmengenharia.com.br\/perfil-engenharia\/?s={search_term_string}"},"query-input":{"@type":"PropertyValueSpecification","valueRequired":true,"valueName":"search_term_string"}}],"inLanguage":"pt-BR"}]}},"_links":{"self":[{"href":"http:\/\/www.ktmengenharia.com.br\/perfil-engenharia\/wp-json\/wp\/v2\/pages\/25","targetHints":{"allow":["GET"]}}],"collection":[{"href":"http:\/\/www.ktmengenharia.com.br\/perfil-engenharia\/wp-json\/wp\/v2\/pages"}],"about":[{"href":"http:\/\/www.ktmengenharia.com.br\/perfil-engenharia\/wp-json\/wp\/v2\/types\/page"}],"author":[{"embeddable":true,"href":"http:\/\/www.ktmengenharia.com.br\/perfil-engenharia\/wp-json\/wp\/v2\/users\/1"}],"replies":[{"embeddable":true,"href":"http:\/\/www.ktmengenharia.com.br\/perfil-engenharia\/wp-json\/wp\/v2\/comments?post=25"}],"version-history":[{"count":14,"href":"http:\/\/www.ktmengenharia.com.br\/perfil-engenharia\/wp-json\/wp\/v2\/pages\/25\/revisions"}],"predecessor-version":[{"id":422,"href":"http:\/\/www.ktmengenharia.com.br\/perfil-engenharia\/wp-json\/wp\/v2\/pages\/25\/revisions\/422"}],"wp:attachment":[{"href":"http:\/\/www.ktmengenharia.com.br\/perfil-engenharia\/wp-json\/wp\/v2\/media?parent=25"}],"curies":[{"name":"wp","href":"https:\/\/api.w.org\/{rel}","templated":true}]}}